{"id":62,"date":"2020-07-29T13:05:21","date_gmt":"2020-07-29T18:05:21","guid":{"rendered":"https:\/\/www.logisticazf.com.co\/?page_id=62"},"modified":"2020-11-09T14:50:18","modified_gmt":"2020-11-09T19:50:18","slug":"informacion-interes","status":"publish","type":"page","link":"https:\/\/www.logisticazf.com.co\/?page_id=62","title":{"rendered":"Informaci\u00f3n Inter\u00e9s"},"content":{"rendered":"<body>\t\t<div data-elementor-type=\"wp-page\" data-elementor-id=\"62\" class=\"elementor elementor-62\">\n\t\t\t\t\t\t<section class=\"elementor-section elementor-top-section elementor-element elementor-element-d39e5f2 elementor-section-stretched elementor-section-full_width elementor-section-height-default elementor-section-height-default\" data-id=\"d39e5f2\" data-element_type=\"section\" data-settings='{\"stretch_section\":\"section-stretched\"}'>\n\t\t\t\t\t\t\t<div class=\"elementor-background-overlay\"><\/div>\n\t\t\t\t\t\t\t<div class=\"elementor-container elementor-column-gap-default\">\n\t\t\t\t\t<div class=\"elementor-column elementor-col-100 elementor-top-column elementor-element elementor-element-80ea03a\" data-id=\"80ea03a\" data-element_type=\"column\">\n\t\t\t<div class=\"elementor-widget-wrap elementor-element-populated\">\n\t\t\t\t\t\t<div class=\"elementor-element elementor-element-ce03d93 eael-dual-header-content-align-center elementor-widget elementor-widget-eael-dual-color-header\" data-id=\"ce03d93\" data-element_type=\"widget\" data-widget_type=\"eael-dual-color-header.default\">\n\t\t\t\t<div class=\"elementor-widget-container\">\n\t\t\t\t\t\t\t\t<div class=\"eael-dual-header\">\n\t\t\t\t<h2 class=\"title\"><span class=\"lead solid-color\"><\/span> <span>Informaci\u00f3n Inter\u00e9s<\/span><\/h2>\t\t\t\t<span class=\"subtext\"><\/span>\n\t\t\t\t\t\t\t<\/div>\n\n\t\t\t\t\t\t<\/div>\n\t\t\t\t<\/div>\n\t\t\t\t\t<\/div>\n\t\t<\/div>\n\t\t\t\t\t<\/div>\n\t\t<\/section>\n\t\t\t\t<section class=\"elementor-section elementor-top-section elementor-element elementor-element-5a99036 elementor-section-stretched elementor-section-boxed elementor-section-height-default elementor-section-height-default\" data-id=\"5a99036\" data-element_type=\"section\" data-settings='{\"stretch_section\":\"section-stretched\",\"background_background\":\"classic\"}'>\n\t\t\t\t\t\t<div class=\"elementor-container elementor-column-gap-default\">\n\t\t\t\t\t<div class=\"elementor-column elementor-col-100 elementor-top-column elementor-element elementor-element-6efc2ef\" data-id=\"6efc2ef\" data-element_type=\"column\">\n\t\t\t<div class=\"elementor-widget-wrap elementor-element-populated\">\n\t\t\t\t\t\t<div class=\"elementor-element elementor-element-d34ecdc elementor-widget elementor-widget-eael-adv-tabs\" data-id=\"d34ecdc\" data-element_type=\"widget\" data-widget_type=\"eael-adv-tabs.default\">\n\t\t\t\t<div class=\"elementor-widget-container\">\n\t\t\t\t\t        <div data-scroll-on-click=\"no\" data-scroll-speed=\"300\" id=\"eael-advance-tabs-d34ecdc\" class=\"eael-advance-tabs eael-tabs-vertical eael-tab-auto-active  active-caret-on\" data-tabid=\"d34ecdc\">\n            <div class=\"eael-tabs-nav\">\n                <ul class=\"eael-tab-inline-icon\" role=\"tablist\">\n                                            <li id=\"incoterms\" class=\"inactive eael-tab-item-trigger eael-tab-nav-item\" aria-selected=\"true\" data-tab=\"1\" role=\"tab\" tabindex=\"0\" aria-controls=\"incoterms-tab\" aria-expanded=\"false\">\n                            \n                                                                <i class=\"far fa-check-circle\"><\/i>                                                            \n                                                            <span class=\"eael-tab-title title-after-icon\">INCOTERMS<\/span>                            \n                                                    <\/li>\n                                            <li id=\"capacidad-por-contenedor\" class=\"inactive eael-tab-item-trigger eael-tab-nav-item\" aria-selected=\"false\" data-tab=\"2\" role=\"tab\" tabindex=\"-1\" aria-controls=\"capacidad-por-contenedor-tab\" aria-expanded=\"false\">\n                            \n                                                                <i class=\"far fa-check-circle\"><\/i>                                                            \n                                                            <span class=\"eael-tab-title title-after-icon\">CAPACIDAD POR CONTENEDOR<\/span>                            \n                                                    <\/li>\n                                            <li id=\"capacidad-por-vehculo\" class=\"inactive eael-tab-item-trigger eael-tab-nav-item\" aria-selected=\"false\" data-tab=\"3\" role=\"tab\" tabindex=\"-1\" aria-controls=\"capacidad-por-vehculo-tab\" aria-expanded=\"false\">\n                            \n                                                                <i class=\"far fa-check-circle\"><\/i>                                                            \n                                                            <span class=\"eael-tab-title title-after-icon\">CAPACIDAD POR VEH\u00cdCULO<\/span>                            \n                                                    <\/li>\n                                    <\/ul>\n            <\/div>\n            \n            <div class=\"eael-tabs-content\">\n\t\t        \n                    <div id=\"incoterms-tab\" class=\"clearfix eael-tab-content-item inactive\" data-title-link=\"incoterms-tab\">\n\t\t\t\t        <p><img loading=\"lazy\" decoding=\"async\" class=\"alignnone wp-image-586 size-full\" src=\"https:\/\/www.logisticazf.com.co\/wp-content\/uploads\/2020\/11\/ICOTERMS-2020-LOG.png\" alt=\"\" width=\"1280\" height=\"720\" loading=\"lazy\" srcset=\"https:\/\/www.logisticazf.com.co\/wp-content\/uploads\/2020\/11\/ICOTERMS-2020-LOG.png 1280w, https:\/\/www.logisticazf.com.co\/wp-content\/uploads\/2020\/11\/ICOTERMS-2020-LOG-300x169.png 300w, https:\/\/www.logisticazf.com.co\/wp-content\/uploads\/2020\/11\/ICOTERMS-2020-LOG-1024x576.png 1024w, https:\/\/www.logisticazf.com.co\/wp-content\/uploads\/2020\/11\/ICOTERMS-2020-LOG-768x432.png 768w\" sizes=\"auto, (max-width: 1280px) 100vw, 1280px\" \/><\/p>                    <\/div>\n\t\t        \n                    <div id=\"capacidad-por-contenedor-tab\" class=\"clearfix eael-tab-content-item inactive\" data-title-link=\"capacidad-por-contenedor-tab\">\n\t\t\t\t        <p><img loading=\"lazy\" decoding=\"async\" class=\"alignnone wp-image-591 size-full\" src=\"https:\/\/www.logisticazf.com.co\/wp-content\/uploads\/2020\/11\/ICOTERMS-2020.jpg\" alt=\"Capacidad por Contenedor Metros C\u00fabicos, Peso\" width=\"1280\" height=\"720\" loading=\"lazy\" srcset=\"https:\/\/www.logisticazf.com.co\/wp-content\/uploads\/2020\/11\/ICOTERMS-2020.jpg 1280w, https:\/\/www.logisticazf.com.co\/wp-content\/uploads\/2020\/11\/ICOTERMS-2020-300x169.jpg 300w, https:\/\/www.logisticazf.com.co\/wp-content\/uploads\/2020\/11\/ICOTERMS-2020-1024x576.jpg 1024w, https:\/\/www.logisticazf.com.co\/wp-content\/uploads\/2020\/11\/ICOTERMS-2020-768x432.jpg 768w\" sizes=\"auto, (max-width: 1280px) 100vw, 1280px\" \/><\/p>                    <\/div>\n\t\t        \n                    <div id=\"capacidad-por-vehculo-tab\" class=\"clearfix eael-tab-content-item inactive\" data-title-link=\"capacidad-por-vehculo-tab\">\n\t\t\t\t        <p><img loading=\"lazy\" decoding=\"async\" class=\"alignnone wp-image-610 size-full\" src=\"https:\/\/www.logisticazf.com.co\/wp-content\/uploads\/2020\/11\/TIPO-VEHICULO-1.jpg\" alt=\"Capacidad de carga por tipo de veh\u00edculo\" width=\"1280\" height=\"720\" loading=\"lazy\" srcset=\"https:\/\/www.logisticazf.com.co\/wp-content\/uploads\/2020\/11\/TIPO-VEHICULO-1.jpg 1280w, https:\/\/www.logisticazf.com.co\/wp-content\/uploads\/2020\/11\/TIPO-VEHICULO-1-300x169.jpg 300w, https:\/\/www.logisticazf.com.co\/wp-content\/uploads\/2020\/11\/TIPO-VEHICULO-1-1024x576.jpg 1024w, https:\/\/www.logisticazf.com.co\/wp-content\/uploads\/2020\/11\/TIPO-VEHICULO-1-768x432.jpg 768w\" sizes=\"auto, (max-width: 1280px) 100vw, 1280px\" \/><\/p>                    <\/div>\n\t\t                    <\/div>\n        <\/div>\n\t\t\t\t<\/div>\n\t\t\t\t<\/div>\n\t\t\t\t\t<\/div>\n\t\t<\/div>\n\t\t\t\t\t<\/div>\n\t\t<\/section>\n\t\t\t\t<\/div>\n\t\t<\/body>","protected":false},"excerpt":{"rendered":"<p>Informaci\u00f3n Inter\u00e9s INCOTERMS CAPACIDAD POR CONTENEDOR CAPACIDAD POR VEH\u00cdCULO<\/p>\n","protected":false},"author":1,"featured_media":0,"parent":0,"menu_order":0,"comment_status":"closed","ping_status":"closed","template":"elementor_header_footer","meta":{"nf_dc_page":"","footnotes":""},"class_list":["post-62","page","type-page","status-publish","hentry"],"_links":{"self":[{"href":"https:\/\/www.logisticazf.com.co\/index.php?rest_route=\/wp\/v2\/pages\/62","targetHints":{"allow":["GET"]}}],"collection":[{"href":"https:\/\/www.logisticazf.com.co\/index.php?rest_route=\/wp\/v2\/pages"}],"about":[{"href":"https:\/\/www.logisticazf.com.co\/index.php?rest_route=\/wp\/v2\/types\/page"}],"author":[{"embeddable":true,"href":"https:\/\/www.logisticazf.com.co\/index.php?rest_route=\/wp\/v2\/users\/1"}],"replies":[{"embeddable":true,"href":"https:\/\/www.logisticazf.com.co\/index.php?rest_route=%2Fwp%2Fv2%2Fcomments&post=62"}],"version-history":[{"count":33,"href":"https:\/\/www.logisticazf.com.co\/index.php?rest_route=\/wp\/v2\/pages\/62\/revisions"}],"predecessor-version":[{"id":616,"href":"https:\/\/www.logisticazf.com.co\/index.php?rest_route=\/wp\/v2\/pages\/62\/revisions\/616"}],"wp:attachment":[{"href":"https:\/\/www.logisticazf.com.co\/index.php?rest_route=%2Fwp%2Fv2%2Fmedia&parent=62"}],"curies":[{"name":"wp","href":"https:\/\/api.w.org\/{rel}","templated":true}]}}