{"id":42,"date":"2020-07-24T18:22:56","date_gmt":"2020-07-24T23:22:56","guid":{"rendered":"https:\/\/www.logisticazf.com.co\/?page_id=42"},"modified":"2020-10-05T10:02:19","modified_gmt":"2020-10-05T15:02:19","slug":"nuestros-servicios","status":"publish","type":"page","link":"https:\/\/www.logisticazf.com.co\/?page_id=42","title":{"rendered":"Nuestros Servicios"},"content":{"rendered":"<body>\t\t<div data-elementor-type=\"wp-page\" data-elementor-id=\"42\" class=\"elementor elementor-42\">\n\t\t\t\t\t\t<section class=\"elementor-section elementor-top-section elementor-element elementor-element-c6dcb47 elementor-section-stretched elementor-section-full_width elementor-section-height-default elementor-section-height-default\" data-id=\"c6dcb47\" data-element_type=\"section\" data-settings='{\"stretch_section\":\"section-stretched\"}'>\n\t\t\t\t\t\t\t<div class=\"elementor-background-overlay\"><\/div>\n\t\t\t\t\t\t\t<div class=\"elementor-container elementor-column-gap-default\">\n\t\t\t\t\t<div class=\"elementor-column elementor-col-100 elementor-top-column elementor-element elementor-element-2de501d\" data-id=\"2de501d\" data-element_type=\"column\">\n\t\t\t<div class=\"elementor-widget-wrap elementor-element-populated\">\n\t\t\t\t\t\t<div class=\"elementor-element elementor-element-d5e3507 eael-dual-header-content-align-center elementor-widget elementor-widget-eael-dual-color-header\" data-id=\"d5e3507\" data-element_type=\"widget\" data-widget_type=\"eael-dual-color-header.default\">\n\t\t\t\t<div class=\"elementor-widget-container\">\n\t\t\t\t\t\t\t\t<div class=\"eael-dual-header\">\n\t\t\t\t<h2 class=\"title\"><span class=\"lead solid-color\"><\/span> <span>Nuestros Servicios<\/span><\/h2>\t\t\t\t<span class=\"subtext\"><\/span>\n\t\t\t\t\t\t\t<\/div>\n\n\t\t\t\t\t\t<\/div>\n\t\t\t\t<\/div>\n\t\t\t\t\t<\/div>\n\t\t<\/div>\n\t\t\t\t\t<\/div>\n\t\t<\/section>\n\t\t\t\t<section class=\"elementor-section elementor-top-section elementor-element elementor-element-f03a2b5 elementor-section-stretched elementor-section-content-middle elementor-section-full_width elementor-section-height-default elementor-section-height-default\" data-id=\"f03a2b5\" data-element_type=\"section\" data-settings='{\"stretch_section\":\"section-stretched\",\"background_background\":\"classic\"}'>\n\t\t\t\t\t\t<div class=\"elementor-container elementor-column-gap-default\">\n\t\t\t\t\t<div class=\"elementor-column elementor-col-50 elementor-top-column elementor-element elementor-element-112a479\" data-id=\"112a479\" data-element_type=\"column\">\n\t\t\t<div class=\"elementor-widget-wrap elementor-element-populated\">\n\t\t\t\t\t\t<div class=\"elementor-element elementor-element-cbb42d2 elementor-invisible elementor-widget elementor-widget-image\" data-id=\"cbb42d2\" data-element_type=\"widget\" data-settings='{\"_animation\":\"fadeInLeft\"}' data-widget_type=\"image.default\">\n\t\t\t\t<div class=\"elementor-widget-container\">\n\t\t\t\t\t\t\t\t\t\t\t\t\t\t\t<img loading=\"lazy\" decoding=\"async\" width=\"1024\" height=\"682\" src=\"https:\/\/www.logisticazf.com.co\/wp-content\/uploads\/2020\/08\/servicios-aply-1024x682.jpg\" class=\"attachment-large size-large wp-image-305\" alt=\"\" srcset=\"https:\/\/www.logisticazf.com.co\/wp-content\/uploads\/2020\/08\/servicios-aply-1024x682.jpg 1024w, https:\/\/www.logisticazf.com.co\/wp-content\/uploads\/2020\/08\/servicios-aply-300x200.jpg 300w, https:\/\/www.logisticazf.com.co\/wp-content\/uploads\/2020\/08\/servicios-aply-768x511.jpg 768w, https:\/\/www.logisticazf.com.co\/wp-content\/uploads\/2020\/08\/servicios-aply.jpg 1200w\" sizes=\"auto, (max-width: 1024px) 100vw, 1024px\" loading=\"lazy\">\t\t\t\t\t\t\t\t\t\t\t\t\t\t\t<\/div>\n\t\t\t\t<\/div>\n\t\t\t\t\t<\/div>\n\t\t<\/div>\n\t\t\t\t<div class=\"elementor-column elementor-col-50 elementor-top-column elementor-element elementor-element-2fd2457\" data-id=\"2fd2457\" data-element_type=\"column\">\n\t\t\t<div class=\"elementor-widget-wrap elementor-element-populated\">\n\t\t\t\t\t\t<div class=\"elementor-element elementor-element-6b6ab26 elementor-widget elementor-widget-eael-adv-accordion\" data-id=\"6b6ab26\" data-element_type=\"widget\" data-widget_type=\"eael-adv-accordion.default\">\n\t\t\t\t<div class=\"elementor-widget-container\">\n\t\t\t\t\t        <div class=\"eael-adv-accordion\" id=\"eael-adv-accordion-6b6ab26\" data-scroll-on-click=\"no\" data-scroll-speed=\"300\" data-accordion-id=\"6b6ab26\" data-accordion-type=\"accordion\" data-toogle-speed=\"300\">\n    <div class=\"eael-accordion-list\">\n                <div id=\"almacenamiento\" class=\"elementor-tab-title eael-accordion-header active-default\" tabindex=\"0\" data-tab=\"1\" aria-controls=\"elementor-tab-content-1121\"><span class=\"eael-advanced-accordion-icon-closed\"><i aria-hidden=\"true\" class=\"fa-accordion-icon fas fa-plus\"><\/i><\/span><span class=\"eael-advanced-accordion-icon-opened\"><i aria-hidden=\"true\" class=\"fa-accordion-icon fas fa-minus\"><\/i><\/span><span class=\"eael-accordion-tab-title\">Almacenamiento\u00a0<\/span><i aria-hidden=\"true\" class=\"fa-toggle fas fa-angle-right\"><\/i><\/div><div id=\"elementor-tab-content-1121\" class=\"eael-accordion-content clearfix active-default\" data-tab=\"1\" aria-labelledby=\"almacenamiento\"><p><span style=\"color: #2fa7ab;\"><strong>Almacenamiento:<\/strong><\/span><\/p><p>M\u00e1s de 3.000 M2 y 3.500 pociones de estiba, con capacidad de aumentar la capacidad para proyectos especiales para almacenamiento de mercanc\u00edas nacionales, nacionalizadas o por nacionalizar de acuerdo con los requisitos t\u00e9cnicos de su contenido. Aseguramos la trazabilidad del ingreso, almacenamiento y salida de mercanc\u00eda por medio de WMS que garantiza trazabilidad de las operaciones, con evidencias fotogr\u00e1ficas y notificaciones autom\u00e1ticas de cada Documento De Transporte consignado a nuestras bodegas.\u00a0<\/p><\/div>\n                <\/div><div class=\"eael-accordion-list\">\n                <div id=\"administracin-y-control-de-inventarios\" class=\"elementor-tab-title eael-accordion-header\" tabindex=\"0\" data-tab=\"2\" aria-controls=\"elementor-tab-content-1122\"><span class=\"eael-advanced-accordion-icon-closed\"><i aria-hidden=\"true\" class=\"fa-accordion-icon fas fa-plus\"><\/i><\/span><span class=\"eael-advanced-accordion-icon-opened\"><i aria-hidden=\"true\" class=\"fa-accordion-icon fas fa-minus\"><\/i><\/span><span class=\"eael-accordion-tab-title\">Administraci\u00f3n y Control de Inventarios<\/span><i aria-hidden=\"true\" class=\"fa-toggle fas fa-angle-right\"><\/i><\/div><div id=\"elementor-tab-content-1122\" class=\"eael-accordion-content clearfix\" data-tab=\"2\" aria-labelledby=\"administracin-y-control-de-inventarios\"><p><span style=\"color: #2fa7ab;\"><strong>Administraci\u00f3n y Control de Inventarios:<\/strong><\/span><\/p><p>Por referencia y al nivel de detalle requerido por nuestros clientes. El control de inventario esta sistematizado en nuestros WMS y permite registrar m\u00faltiples variables de identificaci\u00f3n de la carga que sean necesarias para un manejo y administraci\u00f3n eficiente.<\/p><\/div>\n                <\/div><div class=\"eael-accordion-list\">\n                <div id=\"despachos-parciales\" class=\"elementor-tab-title eael-accordion-header\" tabindex=\"0\" data-tab=\"3\" aria-controls=\"elementor-tab-content-1123\"><span class=\"eael-advanced-accordion-icon-closed\"><i aria-hidden=\"true\" class=\"fa-accordion-icon fas fa-plus\"><\/i><\/span><span class=\"eael-advanced-accordion-icon-opened\"><i aria-hidden=\"true\" class=\"fa-accordion-icon fas fa-minus\"><\/i><\/span><span class=\"eael-accordion-tab-title\">Despachos parciales<\/span><i aria-hidden=\"true\" class=\"fa-toggle fas fa-angle-right\"><\/i><\/div><div id=\"elementor-tab-content-1123\" class=\"eael-accordion-content clearfix\" data-tab=\"3\" aria-labelledby=\"despachos-parciales\"><p><span style=\"color: #2fa7ab;\"><strong>Despachos parciales:<\/strong><\/span><\/p><p>Hacia el Territorio Aduanero Nacional de carga nacionalizada o terceros pa\u00edses de carga sin nacionalizar, de acuerdo con demanda de productos de nuestros clientes.<\/p><\/div>\n                <\/div><div class=\"eael-accordion-list\">\n                <div id=\"reexpedicin\" class=\"elementor-tab-title eael-accordion-header\" tabindex=\"0\" data-tab=\"4\" aria-controls=\"elementor-tab-content-1124\"><span class=\"eael-advanced-accordion-icon-closed\"><i aria-hidden=\"true\" class=\"fa-accordion-icon fas fa-plus\"><\/i><\/span><span class=\"eael-advanced-accordion-icon-opened\"><i aria-hidden=\"true\" class=\"fa-accordion-icon fas fa-minus\"><\/i><\/span><span class=\"eael-accordion-tab-title\">Reexpedici\u00f3n<\/span><i aria-hidden=\"true\" class=\"fa-toggle fas fa-angle-right\"><\/i><\/div><div id=\"elementor-tab-content-1124\" class=\"eael-accordion-content clearfix\" data-tab=\"4\" aria-labelledby=\"reexpedicin\"><p><span style=\"color: #2fa7ab;\"><strong>Reexpedici\u00f3n:<\/strong><\/span><\/p><p>De mercanc\u00eda sin nacionalizar por devoluci\u00f3n o venta a otros pa\u00edses con tr\u00e1mites aduaneros simplificados al no requerir la generaci\u00f3n del Documento de Exportaci\u00f3n (DEX).\u00a0<\/p><\/div>\n                <\/div><div class=\"eael-accordion-list\">\n                <div id=\"destruccin-de-mercancas\" class=\"elementor-tab-title eael-accordion-header\" tabindex=\"0\" data-tab=\"5\" aria-controls=\"elementor-tab-content-1125\"><span class=\"eael-advanced-accordion-icon-closed\"><i aria-hidden=\"true\" class=\"fa-accordion-icon fas fa-plus\"><\/i><\/span><span class=\"eael-advanced-accordion-icon-opened\"><i aria-hidden=\"true\" class=\"fa-accordion-icon fas fa-minus\"><\/i><\/span><span class=\"eael-accordion-tab-title\">Destrucci\u00f3n de Mercanc\u00edas<\/span><i aria-hidden=\"true\" class=\"fa-toggle fas fa-angle-right\"><\/i><\/div><div id=\"elementor-tab-content-1125\" class=\"eael-accordion-content clearfix\" data-tab=\"5\" aria-labelledby=\"destruccin-de-mercancas\"><p><span style=\"color: #2fa7ab;\"><strong>Destrucci\u00f3n de Mercanc\u00edas:<\/strong><\/span><\/p><p>Gestionamos procesos de destrucci\u00f3n de mercanc\u00edas sin nacionalizar en grave estado de deterioro, da\u00f1o total o demerito absoluto.<\/p><\/div>\n                <\/div><div class=\"eael-accordion-list\">\n                <div id=\"coordinacin-de-transporte\" class=\"elementor-tab-title eael-accordion-header\" tabindex=\"0\" data-tab=\"6\" aria-controls=\"elementor-tab-content-1126\"><span class=\"eael-advanced-accordion-icon-closed\"><i aria-hidden=\"true\" class=\"fa-accordion-icon fas fa-plus\"><\/i><\/span><span class=\"eael-advanced-accordion-icon-opened\"><i aria-hidden=\"true\" class=\"fa-accordion-icon fas fa-minus\"><\/i><\/span><span class=\"eael-accordion-tab-title\">Coordinaci\u00f3n de Transporte<\/span><i aria-hidden=\"true\" class=\"fa-toggle fas fa-angle-right\"><\/i><\/div><div id=\"elementor-tab-content-1126\" class=\"eael-accordion-content clearfix\" data-tab=\"6\" aria-labelledby=\"coordinacin-de-transporte\"><p><span style=\"color: #2fa7ab;\"><strong>Coordinaci\u00f3n de Transporte:<\/strong><\/span><\/p><p>Para distribuci\u00f3n de mercanc\u00eda a nivel urbano y nacional por medio de aliados estrat\u00e9gicos del servicio de transporte<\/p><\/div>\n                <\/div><div class=\"eael-accordion-list\">\n                <div id=\"gestin-de-proyectos\" class=\"elementor-tab-title eael-accordion-header\" tabindex=\"0\" data-tab=\"7\" aria-controls=\"elementor-tab-content-1127\"><span class=\"eael-advanced-accordion-icon-closed\"><i aria-hidden=\"true\" class=\"fa-accordion-icon fas fa-plus\"><\/i><\/span><span class=\"eael-advanced-accordion-icon-opened\"><i aria-hidden=\"true\" class=\"fa-accordion-icon fas fa-minus\"><\/i><\/span><span class=\"eael-accordion-tab-title\">Gesti\u00f3n de Proyectos<\/span><i aria-hidden=\"true\" class=\"fa-toggle fas fa-angle-right\"><\/i><\/div><div id=\"elementor-tab-content-1127\" class=\"eael-accordion-content clearfix\" data-tab=\"7\" aria-labelledby=\"gestin-de-proyectos\"><div class=\"elementor-element elementor-element-73511b2 elementor-widget elementor-widget-text-editor\" data-id=\"73511b2\" data-element_type=\"widget\" data-widget_type=\"text-editor.default\"><div class=\"elementor-widget-container\"><div class=\"elementor-text-editor elementor-clearfix\"><div class=\"elementor-element elementor-element-73511b2 elementor-widget elementor-widget-text-editor\" data-id=\"73511b2\" data-element_type=\"widget\" data-widget_type=\"text-editor.default\"><div class=\"elementor-widget-container\"><div class=\"elementor-text-editor elementor-clearfix\"><p><span style=\"color: #2fa7ab;\"><strong>Gesti\u00f3n de Proyectos:<\/strong><\/span><\/p><p>Basados en nuestra alta experiencia en log\u00edstica de comercio exterior, acompa\u00f1amos a nuestros clientes en la estructuraci\u00f3n de proyectos especiales desarrollando eficiencias y ventajas competitivas enmarcadas en el cumplimiento del R\u00e9gimen Franco y Aduanero.<\/p><p>Ofrecemos un servicio de log\u00edstica integral gestionando la operaci\u00f3n desde origen hasta la distribuci\u00f3n del producto a nivel nacional.<\/p><\/div><\/div><\/div><\/div><\/div><\/div><\/div>\n                <\/div><\/div>\t\t\t\t<\/div>\n\t\t\t\t<\/div>\n\t\t\t\t\t<\/div>\n\t\t<\/div>\n\t\t\t\t\t<\/div>\n\t\t<\/section>\n\t\t\t\t<section class=\"elementor-section elementor-top-section elementor-element elementor-element-f1c0392 elementor-section-content-middle elementor-section-stretched elementor-section-full_width elementor-section-height-default elementor-section-height-default\" data-id=\"f1c0392\" data-element_type=\"section\" data-settings='{\"stretch_section\":\"section-stretched\"}'>\n\t\t\t\t\t\t<div class=\"elementor-container elementor-column-gap-default\">\n\t\t\t\t\t<div class=\"elementor-column elementor-col-50 elementor-top-column elementor-element elementor-element-de019f2\" data-id=\"de019f2\" data-element_type=\"column\">\n\t\t\t<div class=\"elementor-widget-wrap elementor-element-populated\">\n\t\t\t\t\t\t<div class=\"elementor-element elementor-element-772e573 eael-dual-header-content-align-center elementor-widget elementor-widget-eael-dual-color-header\" data-id=\"772e573\" data-element_type=\"widget\" data-widget_type=\"eael-dual-color-header.default\">\n\t\t\t\t<div class=\"elementor-widget-container\">\n\t\t\t\t\t\t\t\t<div class=\"eael-dual-header\">\n\t\t\t\t<h2 class=\"title\"><span class=\"lead solid-color\">Contamos<\/span> <span>con:<\/span><\/h2>\t\t\t\t<span class=\"subtext\"><\/span>\n\t\t\t\t\t\t\t<\/div>\n\n\t\t\t\t\t\t<\/div>\n\t\t\t\t<\/div>\n\t\t\t\t<div class=\"elementor-element elementor-element-4acee0e elementor-align-left elementor-icon-list--layout-traditional elementor-list-item-link-full_width elementor-widget elementor-widget-icon-list\" data-id=\"4acee0e\" data-element_type=\"widget\" data-widget_type=\"icon-list.default\">\n\t\t\t\t<div class=\"elementor-widget-container\">\n\t\t\t\t\t\t\t<ul class=\"elementor-icon-list-items\">\n\t\t\t\t\t\t\t<li class=\"elementor-icon-list-item\">\n\t\t\t\t\t\t\t\t\t\t\t<span class=\"elementor-icon-list-icon\">\n\t\t\t\t\t\t\t<i aria-hidden=\"true\" class=\"far fa-check-circle\"><\/i>\t\t\t\t\t\t<\/span>\n\t\t\t\t\t\t\t\t\t\t<span class=\"elementor-icon-list-text\"><strong>Usuario Operador ZFB Inhouse<\/strong> dispuesto \u00fanicamente a las operaciones de nuestros clientes.<\/span>\n\t\t\t\t\t\t\t\t\t<\/li>\n\t\t\t\t\t\t\t\t<li class=\"elementor-icon-list-item\">\n\t\t\t\t\t\t\t\t\t\t\t<span class=\"elementor-icon-list-icon\">\n\t\t\t\t\t\t\t<i aria-hidden=\"true\" class=\"far fa-check-circle\"><\/i>\t\t\t\t\t\t<\/span>\n\t\t\t\t\t\t\t\t\t\t<span class=\"elementor-icon-list-text\">Administraci\u00f3n\/Tracking de Mercanc\u00edas <strong>100% sistematizado<\/strong> por medio de WMS \u2013 desarrollo tecnol\u00f3gico propio de la organizaci\u00f3n.<\/span>\n\t\t\t\t\t\t\t\t\t<\/li>\n\t\t\t\t\t\t\t\t<li class=\"elementor-icon-list-item\">\n\t\t\t\t\t\t\t\t\t\t\t<span class=\"elementor-icon-list-icon\">\n\t\t\t\t\t\t\t<i aria-hidden=\"true\" class=\"far fa-check-circle\"><\/i>\t\t\t\t\t\t<\/span>\n\t\t\t\t\t\t\t\t\t\t<span class=\"elementor-icon-list-text\">7 muelles para cargue y descargue de mercanc\u00eda.<\/span>\n\t\t\t\t\t\t\t\t\t<\/li>\n\t\t\t\t\t\t\t\t<li class=\"elementor-icon-list-item\">\n\t\t\t\t\t\t\t\t\t\t\t<span class=\"elementor-icon-list-icon\">\n\t\t\t\t\t\t\t<i aria-hidden=\"true\" class=\"far fa-check-circle\"><\/i>\t\t\t\t\t\t<\/span>\n\t\t\t\t\t\t\t\t\t\t<span class=\"elementor-icon-list-text\">Seguridad privada y control a trav\u00e9s de <strong>CCTV 24 horas.<\/strong><\/span>\n\t\t\t\t\t\t\t\t\t<\/li>\n\t\t\t\t\t\t\t\t<li class=\"elementor-icon-list-item\">\n\t\t\t\t\t\t\t\t\t\t\t<span class=\"elementor-icon-list-icon\">\n\t\t\t\t\t\t\t<i aria-hidden=\"true\" class=\"far fa-check-circle\"><\/i>\t\t\t\t\t\t<\/span>\n\t\t\t\t\t\t\t\t\t\t<span class=\"elementor-icon-list-text\">Calificaci\u00f3n <strong>ISO 9001<\/strong>, garant\u00eda de la calidad de nuestros procesos.<\/span>\n\t\t\t\t\t\t\t\t\t<\/li>\n\t\t\t\t\t\t<\/ul>\n\t\t\t\t\t\t<\/div>\n\t\t\t\t<\/div>\n\t\t\t\t\t<\/div>\n\t\t<\/div>\n\t\t\t\t<div class=\"elementor-column elementor-col-50 elementor-top-column elementor-element elementor-element-e13e0f9\" data-id=\"e13e0f9\" data-element_type=\"column\">\n\t\t\t<div class=\"elementor-widget-wrap elementor-element-populated\">\n\t\t\t\t\t\t<div class=\"elementor-element elementor-element-3a9c518 elementor-invisible elementor-widget elementor-widget-image\" data-id=\"3a9c518\" data-element_type=\"widget\" data-settings='{\"_animation\":\"fadeInRight\"}' data-widget_type=\"image.default\">\n\t\t\t\t<div class=\"elementor-widget-container\">\n\t\t\t\t\t\t\t\t\t\t\t\t\t\t\t<img loading=\"lazy\" decoding=\"async\" width=\"1024\" height=\"672\" src=\"https:\/\/www.logisticazf.com.co\/wp-content\/uploads\/2020\/08\/servicios-2ok-1024x672.jpg\" class=\"attachment-large size-large wp-image-451\" alt=\"\" srcset=\"https:\/\/www.logisticazf.com.co\/wp-content\/uploads\/2020\/08\/servicios-2ok-1024x672.jpg 1024w, https:\/\/www.logisticazf.com.co\/wp-content\/uploads\/2020\/08\/servicios-2ok-300x197.jpg 300w, https:\/\/www.logisticazf.com.co\/wp-content\/uploads\/2020\/08\/servicios-2ok-768x504.jpg 768w, https:\/\/www.logisticazf.com.co\/wp-content\/uploads\/2020\/08\/servicios-2ok.jpg 1200w\" sizes=\"auto, (max-width: 1024px) 100vw, 1024px\" loading=\"lazy\">\t\t\t\t\t\t\t\t\t\t\t\t\t\t\t<\/div>\n\t\t\t\t<\/div>\n\t\t\t\t\t<\/div>\n\t\t<\/div>\n\t\t\t\t\t<\/div>\n\t\t<\/section>\n\t\t\t\t<\/div>\n\t\t<\/body>","protected":false},"excerpt":{"rendered":"<p>Nuestros Servicios Almacenamiento\u00a0 Almacenamiento: M\u00e1s de 3.000 M2 y 3.500 pociones de estiba, con capacidad de aumentar la capacidad para proyectos especiales para almacenamiento de mercanc\u00edas nacionales, nacionalizadas o por nacionalizar de acuerdo con los requisitos t\u00e9cnicos de su contenido. Aseguramos la trazabilidad del ingreso, almacenamiento y salida de mercanc\u00eda por medio de WMS que [&hellip;]<\/p>\n","protected":false},"author":1,"featured_media":0,"parent":0,"menu_order":0,"comment_status":"closed","ping_status":"closed","template":"elementor_header_footer","meta":{"nf_dc_page":"","footnotes":""},"class_list":["post-42","page","type-page","status-publish","hentry"],"_links":{"self":[{"href":"https:\/\/www.logisticazf.com.co\/index.php?rest_route=\/wp\/v2\/pages\/42","targetHints":{"allow":["GET"]}}],"collection":[{"href":"https:\/\/www.logisticazf.com.co\/index.php?rest_route=\/wp\/v2\/pages"}],"about":[{"href":"https:\/\/www.logisticazf.com.co\/index.php?rest_route=\/wp\/v2\/types\/page"}],"author":[{"embeddable":true,"href":"https:\/\/www.logisticazf.com.co\/index.php?rest_route=\/wp\/v2\/users\/1"}],"replies":[{"embeddable":true,"href":"https:\/\/www.logisticazf.com.co\/index.php?rest_route=%2Fwp%2Fv2%2Fcomments&post=42"}],"version-history":[{"count":30,"href":"https:\/\/www.logisticazf.com.co\/index.php?rest_route=\/wp\/v2\/pages\/42\/revisions"}],"predecessor-version":[{"id":537,"href":"https:\/\/www.logisticazf.com.co\/index.php?rest_route=\/wp\/v2\/pages\/42\/revisions\/537"}],"wp:attachment":[{"href":"https:\/\/www.logisticazf.com.co\/index.php?rest_route=%2Fwp%2Fv2%2Fmedia&parent=42"}],"curies":[{"name":"wp","href":"https:\/\/api.w.org\/{rel}","templated":true}]}}